{"id":510,"date":"2024-12-14T07:48:29","date_gmt":"2024-12-14T07:48:29","guid":{"rendered":"https:\/\/www.wir-noi.com\/?page_id=510"},"modified":"2026-03-11T23:30:21","modified_gmt":"2026-03-11T23:30:21","slug":"famiglia","status":"publish","type":"page","link":"https:\/\/www.wir-noi.com\/it\/famiglia\/","title":{"rendered":"Famiglie"},"content":{"rendered":"<p>[et_pb_section fb_built=&#8221;1&#8243; admin_label=&#8221;Header&#8221; _builder_version=&#8221;4.27.5&#8243; _module_preset=&#8221;default&#8221; use_background_color_gradient=&#8221;on&#8221; background_color_gradient_stops=&#8221;rgba(34,34,34,0) 0%|rgba(34,34,34,0.49) 98%&#8221; background_color_gradient_overlays_image=&#8221;on&#8221; background_image=&#8221;https:\/\/www.wir-noi.com\/wp-content\/uploads\/2026\/01\/3.1-Familie-\u2013-prima-foto-NUOVA-Tschager-ALTERNATIVA.jpg&#8221; min_height=&#8221;482px&#8221; custom_margin=&#8221;||5px||false|false&#8221; custom_padding=&#8221;138px||138px||true|false&#8221; locked=&#8221;off&#8221; collapsed=&#8221;on&#8221; global_colors_info=&#8221;{%22gcid-1f9b0bb3-481a-49f1-9fe6-999fc3c3182b%22:%91%22background_color_gradient_stops%22%93}&#8221;][et_pb_row _builder_version=&#8221;4.20.0&#8243; _module_preset=&#8221;default&#8221; global_colors_info=&#8221;{}&#8221;][et_pb_column type=&#8221;4_4&#8243; _builder_version=&#8221;4.27.4&#8243; _module_preset=&#8221;default&#8221; global_colors_info=&#8221;{}&#8221;][et_pb_text _builder_version=&#8221;4.27.4&#8243; _module_preset=&#8221;_initial&#8221; text_font=&#8221;&#8211;et_global_heading_font||||||||&#8221; header_font=&#8221;&#8211;et_global_heading_font|700||on|||||&#8221; header_text_color=&#8221;#FFFFFF&#8221; header_font_size=&#8221;46px&#8221; header_line_height=&#8221;1.2em&#8221; text_orientation=&#8221;center&#8221; min_height=&#8221;52px&#8221; custom_margin=&#8221;31px||10px||false|false&#8221; header_font_size_tablet=&#8221;40px&#8221; header_font_size_phone=&#8221;24px&#8221; header_font_size_last_edited=&#8221;on|desktop&#8221; global_colors_info=&#8221;{}&#8221;]<\/p>\n<h1 style=\"text-align: left;\">WIR-NOI PER LE FAMIGLIE<\/h1>\n<p>[\/et_pb_text][et_pb_divider divider_weight=&#8221;5px&#8221; _builder_version=&#8221;4.27.4&#8243; _module_preset=&#8221;default&#8221; width=&#8221;10%&#8221; max_width=&#8221;10%&#8221; custom_margin=&#8221;||-6px||false|false&#8221; global_colors_info=&#8221;{}&#8221;][\/et_pb_divider][\/et_pb_column][\/et_pb_row][\/et_pb_section][et_pb_section fb_built=&#8221;1&#8243; _builder_version=&#8221;4.27.4&#8243; _module_preset=&#8221;default&#8221; global_colors_info=&#8221;{}&#8221;][et_pb_row column_structure=&#8221;1_2,1_2&#8243; _builder_version=&#8221;4.27.4&#8243; _module_preset=&#8221;default&#8221; global_colors_info=&#8221;{}&#8221;][et_pb_column type=&#8221;1_2&#8243; _builder_version=&#8221;4.27.4&#8243; _module_preset=&#8221;default&#8221; global_colors_info=&#8221;{}&#8221;][et_pb_image src=&#8221;https:\/\/www.wir-noi.com\/wp-content\/uploads\/2026\/01\/3.2-Familie-famiglia-natura-NUOVA-Tschager.jpg&#8221; title_text=&#8221;3.2 Familie &#8211; famiglia natura NUOVA Tschager&#8221; _builder_version=&#8221;4.27.5&#8243; _module_preset=&#8221;default&#8221; border_radii=&#8221;on|10px|10px|10px|10px&#8221; global_colors_info=&#8221;{}&#8221;][\/et_pb_image][et_pb_text _builder_version=&#8221;4.27.4&#8243; _module_preset=&#8221;_initial&#8221; text_font=&#8221;&#8211;et_global_heading_font||||||||&#8221; text_text_color=&#8221;#DA4D5A&#8221; text_font_size=&#8221;29px&#8221; text_line_height=&#8221;1.4em&#8221; custom_margin=&#8221;1px||||false|false&#8221; text_font_size_tablet=&#8221;15px&#8221; text_font_size_phone=&#8221;14px&#8221; text_font_size_last_edited=&#8221;on|desktop&#8221; global_colors_info=&#8221;{}&#8221;]<\/p>\n<p style=\"font-weight: 400;\">Nel cuore pulsante della famiglia risiede una straordinaria forza di connessione e rinascita.<\/p>\n<p>[\/et_pb_text][et_pb_divider divider_weight=&#8221;5px&#8221; _builder_version=&#8221;4.27.4&#8243; _module_preset=&#8221;default&#8221; width=&#8221;23%&#8221; global_colors_info=&#8221;{}&#8221;][\/et_pb_divider][\/et_pb_column][et_pb_column type=&#8221;1_2&#8243; _builder_version=&#8221;4.27.4&#8243; _module_preset=&#8221;default&#8221; global_colors_info=&#8221;{}&#8221;][et_pb_text _builder_version=&#8221;4.27.4&#8243; _module_preset=&#8221;_initial&#8221; text_font=&#8221;&#8211;et_global_body_font|&#8211;et_global_body_font_weight|||||||&#8221; text_text_color=&#8221;#474747&#8243; text_font_size=&#8221;16px&#8221; text_line_height=&#8221;1.6em&#8221; header_4_font=&#8221;Inter|700|||||||&#8221; header_4_font_size=&#8221;24px&#8221; header_4_line_height=&#8221;1.4em&#8221; header_4_font_size_tablet=&#8221;16px&#8221; header_4_font_size_phone=&#8221;15px&#8221; header_4_font_size_last_edited=&#8221;on|desktop&#8221; global_colors_info=&#8221;{}&#8221;]<\/p>\n<p>La comunit\u00e0 del NOI, che nasce attraverso la nostra associazione, si ispira proprio al modello della <strong>famiglia<\/strong>.<br \/>Tutti fanno parte di una famiglia \u2013 fin dalla nascita e senza condizioni. La famiglia \u00e8 la forma pi\u00f9 originaria della societ\u00e0 e rappresenta il punto di riferimento fondamentale per la crescita e l\u2018autorealizzazione dei giovani. Tuttavia, soprattutto nelle culture occidentali, le famiglie affrontano numerose sfide: pressione economica, mancanza di tempo, isolamento digitale, mancanza di prospettive, ecc.<br \/>WIR-NOI si impegna ad alleviare questi problemi, offrendo <strong>protezione, conoscenze, rete di contatti <\/strong>e <strong>supporto legale<\/strong> per rafforzare le famiglie e aiutare loro a costruire una vita pi\u00f9 consapevole e in armonia con la natura. Particolare attenzione \u00e8 rivolta alla salute olistica.<br \/>Sia nei centri urbani che nelle zone rurali, questo approccio favorisce un rinnovato senso di comunit\u00e0 e connessione familiare. I giovani genitori trovano in WIR-NOI un prezioso sostegno per affrontare meglio la quotidianit\u00e0 e creare un ambiente amorevole per i loro figli. In questo modo, i bambini crescono con fiducia, sicurezza e forza di volont\u00e0, pronti a costruire attivamente il proprio futuro.<\/p>\n<p>[\/et_pb_text][\/et_pb_column][\/et_pb_row][et_pb_row _builder_version=&#8221;4.27.4&#8243; _module_preset=&#8221;default&#8221; background_color=&#8221;rgba(217,217,217,0.39)&#8221; min_height=&#8221;538.7px&#8221; global_colors_info=&#8221;{}&#8221;][et_pb_column type=&#8221;4_4&#8243; _builder_version=&#8221;4.27.4&#8243; _module_preset=&#8221;default&#8221; global_colors_info=&#8221;{}&#8221;][et_pb_text _builder_version=&#8221;4.27.4&#8243; _module_preset=&#8221;default&#8221; text_font=&#8221;&#8211;et_global_heading_font||||||||&#8221; text_text_color=&#8221;#474747&#8243; text_font_size=&#8221;23px&#8221; header_font_size=&#8221;1px&#8221; custom_margin=&#8221;|||27px|false|false&#8221; global_colors_info=&#8221;{}&#8221;]<\/p>\n<p><strong>Dal nostro blog<\/strong><\/p>\n<p>[\/et_pb_text][et_pb_blog posts_number=&#8221;3&#8243; include_categories=&#8221;20&#8243; excerpt_length=&#8221;10&#8243; show_author=&#8221;off&#8221; show_date=&#8221;off&#8221; show_pagination=&#8221;off&#8221; _builder_version=&#8221;4.27.4&#8243; _module_preset=&#8221;8420fffa-ade4-4791-b5a7-5ea49b3cd59d&#8221; header_text_color=&#8221;#DA4D5A&#8221; custom_margin=&#8221;|28px||28px|false|true&#8221; border_color_all_image=&#8221;#FFFFFF&#8221; box_shadow_style=&#8221;preset3&#8243; locked=&#8221;off&#8221; global_colors_info=&#8221;{%22gcid-1f9b0bb3-481a-49f1-9fe6-999fc3c3182b%22:%91%22read_more_text_color%22,%22read_more_text_color%22,%22read_more_text_color%22%93}&#8221; header_font=&#8221;|700|||||||&#8221; body_font=&#8221;||||||||&#8221; meta_font=&#8221;||||||||&#8221; pagination_font=&#8221;|700||on|||||&#8221;][\/et_pb_blog][\/et_pb_column][\/et_pb_row][et_pb_row _builder_version=&#8221;4.27.4&#8243; _module_preset=&#8221;default&#8221; custom_margin=&#8221;|auto|-2px|auto||&#8221; custom_padding=&#8221;||0px|||&#8221; global_colors_info=&#8221;{}&#8221;][et_pb_column type=&#8221;4_4&#8243; _builder_version=&#8221;4.27.4&#8243; _module_preset=&#8221;default&#8221; global_colors_info=&#8221;{}&#8221;][\/et_pb_column][\/et_pb_row][et_pb_row column_structure=&#8221;1_2,1_2&#8243; disabled_on=&#8221;off|off|off&#8221; _builder_version=&#8221;4.27.4&#8243; _module_preset=&#8221;default&#8221; background_color=&#8221;#DA4D5A&#8221; min_height=&#8221;342px&#8221; custom_padding=&#8221;|||0px||&#8221; border_radii=&#8221;on|10px|10px|10px|10px&#8221; global_colors_info=&#8221;{}&#8221;][et_pb_column type=&#8221;1_2&#8243; _builder_version=&#8221;4.27.4&#8243; _module_preset=&#8221;default&#8221; global_colors_info=&#8221;{}&#8221;][et_pb_cta title=&#8221;Vantaggi per le famiglie&#8221; button_text=&#8221;Click&#8221; _builder_version=&#8221;4.27.4&#8243; _module_preset=&#8221;default&#8221; header_text_align=&#8221;left&#8221; header_font_size=&#8221;30px&#8221; background_color=&#8221;RGBA(255,255,255,0)&#8221; text_orientation=&#8221;left&#8221; min_height=&#8221;271px&#8221; custom_margin=&#8221;-18px||-35px||false|false&#8221; global_colors_info=&#8221;{}&#8221;]Far parte di WIR-NOI \u00e8 la migliore assicurazione e un&#8217;opportunit\u00e0 straordinaria per la crescita personale e collettiva. Dietro una modesta quota associativa si nasconde un valore immenso: accesso a informazioni e conoscenze di esperti su temi fondamentali per la famiglia (salute, alimentazione, diritto, scuola ed educazione, giovent\u00f9, ecc.), incontri pieni d\u2019inspirazione, eventi e progetti coinvolgenti, oltre ad una rete di persone e imprese che offrono supporto e soluzioni concrete sul territorio. Nascono cos\u00ec rapporti autentici e un profondo senso di appartenenza, che arricchiscono la vita di ogni famiglia.[\/et_pb_cta][et_pb_button button_url=&#8221;https:\/\/my.wir-noi.com\/civicrm\/contribute\/transact\/?reset=1&#038;id=2&#038;lcMessages=it_IT&#8221; url_new_window=&#8221;on&#8221; button_text=&#8221;diventa socio&#8221; button_alignment=&#8221;center&#8221; _builder_version=&#8221;4.27.5&#8243; _module_preset=&#8221;default&#8221; custom_button=&#8221;on&#8221; button_text_size=&#8221;18px&#8221; button_text_color=&#8221;#FFFFFF&#8221; button_bg_color=&#8221;RGBA(255,255,255,0)&#8221; button_border_color=&#8221;#FFFFFF&#8221; custom_margin=&#8221;-21px||||false|false&#8221; global_colors_info=&#8221;{}&#8221;][\/et_pb_button][\/et_pb_column][et_pb_column type=&#8221;1_2&#8243; _builder_version=&#8221;4.27.4&#8243; _module_preset=&#8221;default&#8221; global_colors_info=&#8221;{}&#8221;][et_pb_image src=&#8221;https:\/\/www.wir-noi.com\/wp-content\/uploads\/2026\/01\/3.3.-Familie-famiglia-Mitglied-werden-NUOVA-Tschager-e1769419777501.jpg&#8221; title_text=&#8221;3.3. Familie &#8211; famiglia Mitglied werden NUOVA Tschager&#8221; _builder_version=&#8221;4.27.5&#8243; _module_preset=&#8221;default&#8221; max_height=&#8221;1000px&#8221; custom_padding=&#8221;|49px||||&#8221; border_radii=&#8221;on|10px|10px|10px|10px&#8221; global_colors_info=&#8221;{}&#8221;][\/et_pb_image][\/et_pb_column][\/et_pb_row][\/et_pb_section][et_pb_section fb_built=&#8221;1&#8243; disabled_on=&#8221;on|on|on&#8221; _builder_version=&#8221;4.27.4&#8243; _module_preset=&#8221;default&#8221; min_height=&#8221;372.5px&#8221; custom_margin=&#8221;-49px||||false|false&#8221; disabled=&#8221;on&#8221; global_colors_info=&#8221;{}&#8221;][et_pb_row _builder_version=&#8221;4.27.4&#8243; _module_preset=&#8221;default&#8221; min_height=&#8221;54px&#8221; custom_margin=&#8221;||-27px||false|false&#8221; global_colors_info=&#8221;{}&#8221;][et_pb_column type=&#8221;4_4&#8243; _builder_version=&#8221;4.27.4&#8243; _module_preset=&#8221;default&#8221; global_colors_info=&#8221;{}&#8221;][et_pb_text _builder_version=&#8221;4.27.4&#8243; _module_preset=&#8221;default&#8221; text_font=&#8221;&#8211;et_global_heading_font||||||||&#8221; text_text_color=&#8221;#474747&#8243; text_font_size=&#8221;24px&#8221; text_orientation=&#8221;center&#8221; global_colors_info=&#8221;{}&#8221;]<\/p>\n<p>I nostri Sponsor<\/p>\n<p>[\/et_pb_text][\/et_pb_column][\/et_pb_row][et_pb_row column_structure=&#8221;1_5,1_5,1_5,1_5,1_5&#8243; _builder_version=&#8221;4.27.4&#8243; _module_preset=&#8221;default&#8221; global_colors_info=&#8221;{}&#8221;][et_pb_column type=&#8221;1_5&#8243; _builder_version=&#8221;4.27.4&#8243; _module_preset=&#8221;default&#8221; global_colors_info=&#8221;{}&#8221;][et_pb_image src=&#8221;https:\/\/www.wir-noi.com\/wp-content\/uploads\/2026\/01\/Blasbichler-1.png&#8221; title_text=&#8221;Blasbichler&#8221; url=&#8221;http:\/\/www.blasbichler.com&#8221; url_new_window=&#8221;on&#8221; _builder_version=&#8221;4.27.5&#8243; _module_preset=&#8221;default&#8221; global_colors_info=&#8221;{}&#8221;][\/et_pb_image][\/et_pb_column][et_pb_column type=&#8221;1_5&#8243; _builder_version=&#8221;4.27.4&#8243; _module_preset=&#8221;default&#8221; global_colors_info=&#8221;{}&#8221;][et_pb_image src=&#8221;https:\/\/www.wir-noi.com\/wp-content\/uploads\/2026\/01\/Fischer.png&#8221; title_text=&#8221;Fischer&#8221; url=&#8221;http:\/\/www.hotel-fischer.it&#8221; url_new_window=&#8221;on&#8221; _builder_version=&#8221;4.27.5&#8243; _module_preset=&#8221;default&#8221; global_colors_info=&#8221;{}&#8221;][\/et_pb_image][\/et_pb_column][et_pb_column type=&#8221;1_5&#8243; _builder_version=&#8221;4.27.4&#8243; _module_preset=&#8221;default&#8221; global_colors_info=&#8221;{}&#8221;][et_pb_image src=&#8221;https:\/\/www.wir-noi.com\/wp-content\/uploads\/2026\/01\/Plank.png&#8221; title_text=&#8221;Plank&#8221; url=&#8221;http:\/\/www.plank.bz&#8221; url_new_window=&#8221;on&#8221; _builder_version=&#8221;4.27.5&#8243; _module_preset=&#8221;default&#8221; global_colors_info=&#8221;{}&#8221;][\/et_pb_image][\/et_pb_column][et_pb_column type=&#8221;1_5&#8243; _builder_version=&#8221;4.27.4&#8243; _module_preset=&#8221;default&#8221; global_colors_info=&#8221;{}&#8221;][et_pb_image src=&#8221;https:\/\/www.wir-noi.com\/wp-content\/uploads\/2026\/01\/Naturalia.png&#8221; title_text=&#8221;Naturalia&#8221; url=&#8221;http:\/\/www.naturalia-bau.it&#8221; url_new_window=&#8221;on&#8221; _builder_version=&#8221;4.27.5&#8243; _module_preset=&#8221;default&#8221; global_colors_info=&#8221;{}&#8221;][\/et_pb_image][\/et_pb_column][et_pb_column type=&#8221;1_5&#8243; _builder_version=&#8221;4.27.4&#8243; _module_preset=&#8221;default&#8221; global_colors_info=&#8221;{}&#8221;][et_pb_image src=&#8221;https:\/\/www.wir-noi.com\/wp-content\/uploads\/2026\/01\/Saniflor-1.png&#8221; title_text=&#8221;Saniflor&#8221; url=&#8221;http:\/\/www.saniflor.com&#8221; url_new_window=&#8221;on&#8221; _builder_version=&#8221;4.27.5&#8243; _module_preset=&#8221;default&#8221; global_colors_info=&#8221;{}&#8221;][\/et_pb_image][\/et_pb_column][\/et_pb_row][\/et_pb_section]<\/p>\n","protected":false},"excerpt":{"rendered":"<p>WIR-NOI PER LE FAMIGLIENel cuore pulsante della famiglia risiede una straordinaria forza di connessione e rinascita.La comunit\u00e0 del NOI, che nasce attraverso la nostra associazione, si ispira proprio al modello [&hellip;]<\/p>\n","protected":false},"author":1,"featured_media":0,"parent":0,"menu_order":0,"comment_status":"closed","ping_status":"closed","template":"","meta":{"_et_pb_use_builder":"on","_et_pb_old_content":"","_et_gb_content_width":"","om_disable_all_campaigns":false,"_monsterinsights_skip_tracking":false,"_monsterinsights_sitenote_active":false,"_monsterinsights_sitenote_note":"","_monsterinsights_sitenote_category":0,"footnotes":""},"class_list":["post-510","page","type-page","status-publish","hentry"],"aioseo_notices":[],"_links":{"self":[{"href":"https:\/\/www.wir-noi.com\/it\/wp-json\/wp\/v2\/pages\/510","targetHints":{"allow":["GET"]}}],"collection":[{"href":"https:\/\/www.wir-noi.com\/it\/wp-json\/wp\/v2\/pages"}],"about":[{"href":"https:\/\/www.wir-noi.com\/it\/wp-json\/wp\/v2\/types\/page"}],"author":[{"embeddable":true,"href":"https:\/\/www.wir-noi.com\/it\/wp-json\/wp\/v2\/users\/1"}],"replies":[{"embeddable":true,"href":"https:\/\/www.wir-noi.com\/it\/wp-json\/wp\/v2\/comments?post=510"}],"version-history":[{"count":72,"href":"https:\/\/www.wir-noi.com\/it\/wp-json\/wp\/v2\/pages\/510\/revisions"}],"predecessor-version":[{"id":9709,"href":"https:\/\/www.wir-noi.com\/it\/wp-json\/wp\/v2\/pages\/510\/revisions\/9709"}],"wp:attachment":[{"href":"https:\/\/www.wir-noi.com\/it\/wp-json\/wp\/v2\/media?parent=510"}],"curies":[{"name":"wp","href":"https:\/\/api.w.org\/{rel}","templated":true}]}}