{"id":1588,"date":"2025-03-31T10:32:36","date_gmt":"2025-03-31T10:32:36","guid":{"rendered":"https:\/\/www.wir-noi.com\/?page_id=1588"},"modified":"2026-01-21T16:59:16","modified_gmt":"2026-01-21T16:59:16","slug":"cultura","status":"publish","type":"page","link":"https:\/\/www.wir-noi.com\/it\/cultura\/","title":{"rendered":"Cultura"},"content":{"rendered":"<p>[et_pb_section fb_built=&#8221;1&#8243; admin_label=&#8221;Header&#8221; _builder_version=&#8221;4.27.4&#8243; _module_preset=&#8221;default&#8221; use_background_color_gradient=&#8221;on&#8221; background_color_gradient_stops=&#8221;rgba(34,34,34,0) 0%|rgba(34,34,34,0.49) 98%&#8221; background_color_gradient_overlays_image=&#8221;on&#8221; background_image=&#8221;https:\/\/www.wir-noi.com\/wp-content\/uploads\/2025\/03\/AdobeStock_392396050-scaled.jpeg&#8221; min_height=&#8221;482px&#8221; custom_margin=&#8221;||5px||false|false&#8221; custom_padding=&#8221;138px||138px||true|false&#8221; locked=&#8221;off&#8221; collapsed=&#8221;on&#8221; global_colors_info=&#8221;{%22gcid-1f9b0bb3-481a-49f1-9fe6-999fc3c3182b%22:%91%22background_color_gradient_stops%22%93}&#8221;][et_pb_row _builder_version=&#8221;4.20.0&#8243; _module_preset=&#8221;default&#8221; global_colors_info=&#8221;{}&#8221;][et_pb_column type=&#8221;4_4&#8243; _builder_version=&#8221;4.20.0&#8243; _module_preset=&#8221;default&#8221; global_colors_info=&#8221;{}&#8221;][et_pb_text _builder_version=&#8221;4.27.4&#8243; _module_preset=&#8221;_initial&#8221; text_font=&#8221;||||||||&#8221; header_font=&#8221;Roboto Condensed|700||on|||||&#8221; header_text_color=&#8221;#FFFFFF&#8221; header_font_size=&#8221;46px&#8221; header_line_height=&#8221;1.2em&#8221; text_orientation=&#8221;center&#8221; min_height=&#8221;52px&#8221; custom_margin=&#8221;31px||10px||false|false&#8221; header_font_size_tablet=&#8221;40px&#8221; header_font_size_phone=&#8221;24px&#8221; header_font_size_last_edited=&#8221;on|desktop&#8221; inline_fonts=&#8221;Montserrat&#8221; global_colors_info=&#8221;{}&#8221;]<\/p>\n<h1 style=\"text-align: left;\"><span style=\"font-family: Montserrat;\">cultura<\/span><\/h1>\n<p>[\/et_pb_text][et_pb_divider divider_weight=&#8221;5px&#8221; _builder_version=&#8221;4.27.4&#8243; _module_preset=&#8221;default&#8221; width=&#8221;10%&#8221; max_width=&#8221;10%&#8221; custom_margin=&#8221;||-6px||false|false&#8221; global_colors_info=&#8221;{}&#8221;][\/et_pb_divider][\/et_pb_column][\/et_pb_row][\/et_pb_section][et_pb_section fb_built=&#8221;1&#8243; _builder_version=&#8221;4.27.4&#8243; _module_preset=&#8221;default&#8221; global_colors_info=&#8221;{}&#8221;][et_pb_row column_structure=&#8221;1_2,1_2&#8243; _builder_version=&#8221;4.27.4&#8243; _module_preset=&#8221;default&#8221; global_colors_info=&#8221;{}&#8221;][et_pb_column type=&#8221;1_2&#8243; _builder_version=&#8221;4.27.4&#8243; _module_preset=&#8221;default&#8221; global_colors_info=&#8221;{}&#8221;][et_pb_image src=&#8221;https:\/\/www.wir-noi.com\/wp-content\/uploads\/2025\/03\/AdobeStock_359913408-scaled.jpeg&#8221; title_text=&#8221;Painter in art workshop&#8221; _builder_version=&#8221;4.27.4&#8243; _module_preset=&#8221;default&#8221; border_radii=&#8221;on|10px|10px|10px|10px&#8221; global_colors_info=&#8221;{}&#8221;][\/et_pb_image][et_pb_text _builder_version=&#8221;4.27.4&#8243; _module_preset=&#8221;_initial&#8221; text_font=&#8221;&#8211;et_global_heading_font|&#8211;et_global_body_font_weight|||||||&#8221; text_text_color=&#8221;#DA4D5A&#8221; text_font_size=&#8221;29px&#8221; text_line_height=&#8221;1.4em&#8221; custom_margin=&#8221;1px||||false|false&#8221; text_font_size_tablet=&#8221;15px&#8221; text_font_size_phone=&#8221;14px&#8221; text_font_size_last_edited=&#8221;on|desktop&#8221; global_colors_info=&#8221;{}&#8221;]<\/p>\n<div><span>La cultura inizia nel cuore di ciascuno di noi.<\/span><\/div>\n<div><\/div>\n<p>[\/et_pb_text][et_pb_text _builder_version=&#8221;4.27.4&#8243; _module_preset=&#8221;default&#8221; text_text_color=&#8221;#DA4D5A&#8221; text_font_size=&#8221;18px&#8221; text_line_height=&#8221;1em&#8221; text_orientation=&#8221;right&#8221; global_colors_info=&#8221;{}&#8221;]Johann Nepomuk Nestroy (1801 &#8211; 1862)[\/et_pb_text][et_pb_text _builder_version=&#8221;4.27.4&#8243; _module_preset=&#8221;default&#8221; text_text_color=&#8221;#DA4D5A&#8221; min_height=&#8221;17.8px&#8221; custom_margin=&#8221;-27px||||false|false&#8221; global_colors_info=&#8221;{}&#8221;]<\/p>\n<p style=\"text-align: right;\">drammaturgo, attore e autore teatrale austriaco<\/p>\n<p>[\/et_pb_text][et_pb_divider divider_weight=&#8221;5px&#8221; _builder_version=&#8221;4.27.4&#8243; _module_preset=&#8221;default&#8221; width=&#8221;23%&#8221; global_colors_info=&#8221;{}&#8221;][\/et_pb_divider][\/et_pb_column][et_pb_column type=&#8221;1_2&#8243; _builder_version=&#8221;4.27.4&#8243; _module_preset=&#8221;default&#8221; global_colors_info=&#8221;{}&#8221;][et_pb_text _builder_version=&#8221;4.27.4&#8243; _module_preset=&#8221;_initial&#8221; text_font=&#8221;&#8211;et_global_body_font|&#8211;et_global_body_font_weight|||||||&#8221; text_text_color=&#8221;#474747&#8243; text_font_size=&#8221;16px&#8221; text_line_height=&#8221;1.6em&#8221; header_4_font=&#8221;Inter|700|||||||&#8221; header_4_font_size=&#8221;24px&#8221; header_4_line_height=&#8221;1.4em&#8221; min_height=&#8221;875.5px&#8221; custom_padding=&#8221;||0px|||&#8221; header_4_font_size_tablet=&#8221;16px&#8221; header_4_font_size_phone=&#8221;15px&#8221; header_4_font_size_last_edited=&#8221;on|desktop&#8221; global_colors_info=&#8221;{}&#8221;]<\/p>\n<p><strong>L&#8217;espressione creativa come base per lo sviluppo umano<\/strong><br \/>Il Cerchio WIR-NOI Cultura sostiene l&#8217;importanza dell&#8217;espressione artistica come parte essenziale dell&#8217;essere umano. Sebbene questo Cerchio non sia ancora attivo, molti membri riconoscono il valore dell&#8217;arte, della musica, del teatro, della letteratura e della creativit\u00e0 per lo sviluppo dei talenti, dell&#8217;identit\u00e0 e della felicit\u00e0 interiore.<\/p>\n<p><strong>Perch\u00e9 la cultura \u00e8 indispensabile per la comunit\u00e0<\/strong><br \/>Le espressioni culturali non sono solo semplici forme di estetica, ma costituiscono i pilastri di una comunit\u00e0 vitale e sana. Attraverso l&#8217;arte, le persone possono esplorare se stesse, esprimere pensieri ed emozioni e creare connessioni con gli altri.<\/p>\n<p><strong>Questo Cerchio si propone di affrontare domande fondamentali come:<\/strong><br \/>\u2022 Qual \u00e8 il ruolo dell\u2019arte nello sviluppo personale e nel benessere interiore?<br \/>\u2022 Come si pu\u00f2 promuovere l\u2019educazione culturale per scoprire e coltivare giovani talenti?<br \/>\u2022 In che modo l\u2019arte e la cultura possono contribuire a una societ\u00e0 pi\u00f9 consapevole e umana?<\/p>\n<p><strong>Dalla teoria alla pratica \u2013 La cultura come forza vitale<\/strong><br \/>L\u2019obiettivo a lungo termine del Cerchio Cultura \u00e8 creare uno spazio per iniziative artistiche e creative, come:<br \/>\u2022 Progetti artistici e musicali per la valorizzazione dei giovani talenti<br \/>\u2022 Workshop e laboratori in cui le persone possano esprimersi liberamente e in modo creativo<br \/>\u2022 Eventi culturali che rafforzino il senso di comunit\u00e0 e identit\u00e0<\/p>\n<p><strong>Un invito agli artisti e agli amanti della cultura<\/strong><br \/>Il Cerchio WIR-NOI Cultura vuole diventare una piattaforma per la creazione culturale nel Sudtirolo, aperta a tutti coloro che vedono nella cultura un mezzo di crescita umana e di trasformazione sociale. L&#8217;arte e la cultura non sono solo espressioni di bellezza, ma impulsi per una connessione pi\u00f9 profonda tra le persone e per un mondo che lasci spazio all\u2019ispirazione, alla gioia e alla creativit\u00e0 autentica.<\/p>\n<p>[\/et_pb_text][\/et_pb_column][\/et_pb_row][et_pb_row _builder_version=&#8221;4.27.4&#8243; _module_preset=&#8221;default&#8221; global_colors_info=&#8221;{}&#8221;][et_pb_column type=&#8221;4_4&#8243; _builder_version=&#8221;4.27.4&#8243; _module_preset=&#8221;default&#8221; global_colors_info=&#8221;{}&#8221;][\/et_pb_column][\/et_pb_row][et_pb_row _builder_version=&#8221;4.27.4&#8243; _module_preset=&#8221;default&#8221; background_color=&#8221;rgba(217,217,217,0.39)&#8221; min_height=&#8221;538.7px&#8221; global_colors_info=&#8221;{}&#8221;][et_pb_column type=&#8221;4_4&#8243; _builder_version=&#8221;4.27.4&#8243; _module_preset=&#8221;default&#8221; global_colors_info=&#8221;{}&#8221;][et_pb_text _builder_version=&#8221;4.27.4&#8243; _module_preset=&#8221;default&#8221; text_text_color=&#8221;#474747&#8243; text_font_size=&#8221;23px&#8221; header_font_size=&#8221;1px&#8221; custom_margin=&#8221;|||27px|false|false&#8221; global_colors_info=&#8221;{}&#8221;]<\/p>\n<p><strong>Dal nostro blog<\/strong><\/p>\n<p>[\/et_pb_text][et_pb_blog posts_number=&#8221;3&#8243; include_categories=&#8221;228&#8243; excerpt_length=&#8221;10&#8243; show_author=&#8221;off&#8221; show_date=&#8221;off&#8221; show_pagination=&#8221;off&#8221; _builder_version=&#8221;4.27.5&#8243; _module_preset=&#8221;8420fffa-ade4-4791-b5a7-5ea49b3cd59d&#8221; header_text_color=&#8221;#DA4D5A&#8221; custom_margin=&#8221;|28px||28px|false|true&#8221; hover_enabled=&#8221;0&#8243; border_color_all_image=&#8221;#FFFFFF&#8221; box_shadow_style=&#8221;preset3&#8243; locked=&#8221;off&#8221; global_colors_info=&#8221;{%22gcid-1f9b0bb3-481a-49f1-9fe6-999fc3c3182b%22:%91%22read_more_text_color%22%93}&#8221; sticky_enabled=&#8221;0&#8243;][\/et_pb_blog][\/et_pb_column][\/et_pb_row][\/et_pb_section][et_pb_section fb_built=&#8221;1&#8243; _builder_version=&#8221;4.27.4&#8243; _module_preset=&#8221;default&#8221; min_height=&#8221;372.5px&#8221; custom_margin=&#8221;-49px||||false|false&#8221; global_colors_info=&#8221;{}&#8221;][et_pb_row _builder_version=&#8221;4.27.4&#8243; _module_preset=&#8221;default&#8221; min_height=&#8221;54px&#8221; custom_margin=&#8221;||-27px||false|false&#8221; global_colors_info=&#8221;{}&#8221;][et_pb_column type=&#8221;4_4&#8243; _builder_version=&#8221;4.27.4&#8243; _module_preset=&#8221;default&#8221; global_colors_info=&#8221;{}&#8221;][et_pb_text _builder_version=&#8221;4.27.4&#8243; _module_preset=&#8221;default&#8221; text_font=&#8221;&#8211;et_global_heading_font||||||||&#8221; text_text_color=&#8221;#474747&#8243; text_font_size=&#8221;24px&#8221; text_orientation=&#8221;center&#8221; global_colors_info=&#8221;{}&#8221;]<\/p>\n<p>I nostri Sponsor<\/p>\n<p>[\/et_pb_text][\/et_pb_column][\/et_pb_row][et_pb_row column_structure=&#8221;1_5,1_5,1_5,1_5,1_5&#8243; _builder_version=&#8221;4.27.4&#8243; _module_preset=&#8221;default&#8221; global_colors_info=&#8221;{}&#8221;][et_pb_column type=&#8221;1_5&#8243; _builder_version=&#8221;4.27.4&#8243; _module_preset=&#8221;default&#8221; global_colors_info=&#8221;{}&#8221;][et_pb_image src=&#8221;https:\/\/www.wir-noi.com\/wp-content\/uploads\/2026\/01\/Alma.png&#8221; title_text=&#8221;Alma&#8221; url=&#8221;http:\/\/www.alma-light.com&#8221; url_new_window=&#8221;on&#8221; _builder_version=&#8221;4.27.5&#8243; _module_preset=&#8221;default&#8221; global_colors_info=&#8221;{}&#8221;][\/et_pb_image][\/et_pb_column][et_pb_column type=&#8221;1_5&#8243; _builder_version=&#8221;4.27.4&#8243; _module_preset=&#8221;default&#8221; global_colors_info=&#8221;{}&#8221;][et_pb_image src=&#8221;https:\/\/www.wir-noi.com\/wp-content\/uploads\/2026\/01\/Ringger.png&#8221; title_text=&#8221;Ringger&#8221; url=&#8221;http:\/\/www.runger-naturwerk.it&#8221; url_new_window=&#8221;on&#8221; _builder_version=&#8221;4.27.5&#8243; _module_preset=&#8221;default&#8221; global_colors_info=&#8221;{}&#8221;][\/et_pb_image][\/et_pb_column][et_pb_column type=&#8221;1_5&#8243; _builder_version=&#8221;4.27.4&#8243; _module_preset=&#8221;default&#8221; global_colors_info=&#8221;{}&#8221;][et_pb_image src=&#8221;https:\/\/www.wir-noi.com\/wp-content\/uploads\/2026\/01\/RothoBlaas.png&#8221; title_text=&#8221;RothoBlaas&#8221; url=&#8221;http:\/\/www.rothoblaas.it&#8221; url_new_window=&#8221;on&#8221; _builder_version=&#8221;4.27.5&#8243; _module_preset=&#8221;default&#8221; global_colors_info=&#8221;{}&#8221;][\/et_pb_image][\/et_pb_column][et_pb_column type=&#8221;1_5&#8243; _builder_version=&#8221;4.27.4&#8243; _module_preset=&#8221;default&#8221; global_colors_info=&#8221;{}&#8221;][et_pb_image src=&#8221;https:\/\/www.wir-noi.com\/wp-content\/uploads\/2026\/01\/Gantioler.png&#8221; title_text=&#8221;Gantioler&#8221; url=&#8221;http:\/\/www.gantioler.eu&#8221; url_new_window=&#8221;on&#8221; _builder_version=&#8221;4.27.5&#8243; _module_preset=&#8221;default&#8221; global_colors_info=&#8221;{}&#8221;][\/et_pb_image][\/et_pb_column][et_pb_column type=&#8221;1_5&#8243; _builder_version=&#8221;4.27.4&#8243; _module_preset=&#8221;default&#8221; global_colors_info=&#8221;{}&#8221;][et_pb_image src=&#8221;https:\/\/www.wir-noi.com\/wp-content\/uploads\/2026\/01\/MoveToDiscover-1.png&#8221; title_text=&#8221;MoveToDiscover&#8221; url=&#8221;http:\/\/www.motetodiscover.com&#8221; url_new_window=&#8221;on&#8221; _builder_version=&#8221;4.27.5&#8243; _module_preset=&#8221;default&#8221; global_colors_info=&#8221;{}&#8221;][\/et_pb_image][\/et_pb_column][\/et_pb_row][\/et_pb_section]<\/p>\n","protected":false},"excerpt":{"rendered":"<p>culturaLa cultura inizia nel cuore di ciascuno di noi. Johann Nepomuk Nestroy (1801 &#8211; 1862)drammaturgo, attore e autore teatrale austriacoL&#8217;espressione creativa come base per lo sviluppo umanoIl Cerchio WIR-NOI Cultura [&hellip;]<\/p>\n","protected":false},"author":1,"featured_media":0,"parent":0,"menu_order":0,"comment_status":"closed","ping_status":"closed","template":"","meta":{"_et_pb_use_builder":"on","_et_pb_old_content":"","_et_gb_content_width":"","om_disable_all_campaigns":false,"_monsterinsights_skip_tracking":false,"_monsterinsights_sitenote_active":false,"_monsterinsights_sitenote_note":"","_monsterinsights_sitenote_category":0,"footnotes":""},"class_list":["post-1588","page","type-page","status-publish","hentry"],"aioseo_notices":[],"_links":{"self":[{"href":"https:\/\/www.wir-noi.com\/it\/wp-json\/wp\/v2\/pages\/1588","targetHints":{"allow":["GET"]}}],"collection":[{"href":"https:\/\/www.wir-noi.com\/it\/wp-json\/wp\/v2\/pages"}],"about":[{"href":"https:\/\/www.wir-noi.com\/it\/wp-json\/wp\/v2\/types\/page"}],"author":[{"embeddable":true,"href":"https:\/\/www.wir-noi.com\/it\/wp-json\/wp\/v2\/users\/1"}],"replies":[{"embeddable":true,"href":"https:\/\/www.wir-noi.com\/it\/wp-json\/wp\/v2\/comments?post=1588"}],"version-history":[{"count":6,"href":"https:\/\/www.wir-noi.com\/it\/wp-json\/wp\/v2\/pages\/1588\/revisions"}],"predecessor-version":[{"id":8126,"href":"https:\/\/www.wir-noi.com\/it\/wp-json\/wp\/v2\/pages\/1588\/revisions\/8126"}],"wp:attachment":[{"href":"https:\/\/www.wir-noi.com\/it\/wp-json\/wp\/v2\/media?parent=1588"}],"curies":[{"name":"wp","href":"https:\/\/api.w.org\/{rel}","templated":true}]}}