{"id":1570,"date":"2025-03-31T09:30:03","date_gmt":"2025-03-31T09:30:03","guid":{"rendered":"https:\/\/www.wir-noi.com\/?page_id=1570"},"modified":"2026-01-21T16:59:55","modified_gmt":"2026-01-21T16:59:55","slug":"comunita","status":"publish","type":"page","link":"https:\/\/www.wir-noi.com\/it\/comunita\/","title":{"rendered":"Comunit\u00e0"},"content":{"rendered":"<p>[et_pb_section fb_built=&#8221;1&#8243; admin_label=&#8221;Header&#8221; _builder_version=&#8221;4.27.4&#8243; _module_preset=&#8221;default&#8221; use_background_color_gradient=&#8221;on&#8221; background_color_gradient_stops=&#8221;rgba(34,34,34,0) 0%|rgba(34,34,34,0.49) 98%&#8221; background_color_gradient_overlays_image=&#8221;on&#8221; background_image=&#8221;https:\/\/www.wir-noi.com\/wp-content\/uploads\/2025\/03\/AdobeStock_294853467-scaled.jpeg&#8221; min_height=&#8221;482px&#8221; custom_margin=&#8221;||5px||false|false&#8221; custom_padding=&#8221;138px||138px||true|false&#8221; locked=&#8221;off&#8221; collapsed=&#8221;on&#8221; global_colors_info=&#8221;{%22gcid-1f9b0bb3-481a-49f1-9fe6-999fc3c3182b%22:%91%22background_color_gradient_stops%22%93}&#8221;][et_pb_row _builder_version=&#8221;4.20.0&#8243; _module_preset=&#8221;default&#8221; global_colors_info=&#8221;{}&#8221;][et_pb_column type=&#8221;4_4&#8243; _builder_version=&#8221;4.20.0&#8243; _module_preset=&#8221;default&#8221; global_colors_info=&#8221;{}&#8221;][et_pb_text _builder_version=&#8221;4.27.4&#8243; _module_preset=&#8221;_initial&#8221; text_font=&#8221;||||||||&#8221; header_font=&#8221;Roboto Condensed|700||on|||||&#8221; header_text_color=&#8221;#FFFFFF&#8221; header_font_size=&#8221;46px&#8221; header_line_height=&#8221;1.2em&#8221; text_orientation=&#8221;center&#8221; min_height=&#8221;52px&#8221; custom_margin=&#8221;31px||10px||false|false&#8221; header_font_size_tablet=&#8221;40px&#8221; header_font_size_phone=&#8221;24px&#8221; header_font_size_last_edited=&#8221;on|desktop&#8221; inline_fonts=&#8221;Montserrat&#8221; global_colors_info=&#8221;{}&#8221;]<\/p>\n<h1 style=\"text-align: left;\"><span style=\"font-family: Montserrat;\">comunit\u00e0<\/span><\/h1>\n<p>[\/et_pb_text][et_pb_divider divider_weight=&#8221;5px&#8221; _builder_version=&#8221;4.27.4&#8243; _module_preset=&#8221;default&#8221; width=&#8221;10%&#8221; max_width=&#8221;10%&#8221; custom_margin=&#8221;||-6px||false|false&#8221; global_colors_info=&#8221;{}&#8221;][\/et_pb_divider][\/et_pb_column][\/et_pb_row][\/et_pb_section][et_pb_section fb_built=&#8221;1&#8243; _builder_version=&#8221;4.27.4&#8243; _module_preset=&#8221;default&#8221; global_colors_info=&#8221;{}&#8221;][et_pb_row column_structure=&#8221;1_2,1_2&#8243; _builder_version=&#8221;4.27.4&#8243; _module_preset=&#8221;default&#8221; global_colors_info=&#8221;{}&#8221;][et_pb_column type=&#8221;1_2&#8243; _builder_version=&#8221;4.27.4&#8243; _module_preset=&#8221;default&#8221; global_colors_info=&#8221;{}&#8221;][et_pb_image src=&#8221;https:\/\/www.wir-noi.com\/wp-content\/uploads\/2025\/03\/AdobeStock_477204582-scaled.jpeg&#8221; title_text=&#8221;People at the briefing assign responsibilities in team. Effective self-organization. Self-management teal organizations. Worker autonomy. Hierarchies, meritocracy and consensus decisions&#8221; _builder_version=&#8221;4.27.4&#8243; _module_preset=&#8221;default&#8221; border_radii=&#8221;on|10px|10px|10px|10px&#8221; global_colors_info=&#8221;{}&#8221;][\/et_pb_image][et_pb_text _builder_version=&#8221;4.27.4&#8243; _module_preset=&#8221;_initial&#8221; text_font=&#8221;&#8211;et_global_heading_font|&#8211;et_global_body_font_weight|||||||&#8221; text_text_color=&#8221;#DA4D5A&#8221; text_font_size=&#8221;29px&#8221; text_line_height=&#8221;1.4em&#8221; custom_margin=&#8221;1px||||false|false&#8221; text_font_size_tablet=&#8221;15px&#8221; text_font_size_phone=&#8221;14px&#8221; text_font_size_last_edited=&#8221;on|desktop&#8221; global_colors_info=&#8221;{}&#8221;]In una societ\u00e0 malata, l\u2019uomo ascolta autorit\u00e0 lontane, in una sana ascolta il vicino.[\/et_pb_text][et_pb_text _builder_version=&#8221;4.27.4&#8243; _module_preset=&#8221;default&#8221; text_text_color=&#8221;#DA4D5A&#8221; text_font_size=&#8221;18px&#8221; text_line_height=&#8221;1em&#8221; text_orientation=&#8221;right&#8221; global_colors_info=&#8221;{}&#8221;]Christoph Pizzini (nato nel 1983)[\/et_pb_text][et_pb_text _builder_version=&#8221;4.27.4&#8243; _module_preset=&#8221;default&#8221; text_text_color=&#8221;#DA4D5A&#8221; min_height=&#8221;17.8px&#8221; custom_margin=&#8221;-27px||||false|false&#8221; global_colors_info=&#8221;{}&#8221;]<\/p>\n<p style=\"text-align: right;\">membro fondatore e presidente dell\u2019associazione WIR-NOI<\/p>\n<p>[\/et_pb_text][et_pb_divider divider_weight=&#8221;5px&#8221; _builder_version=&#8221;4.27.4&#8243; _module_preset=&#8221;default&#8221; width=&#8221;23%&#8221; global_colors_info=&#8221;{}&#8221;][\/et_pb_divider][\/et_pb_column][et_pb_column type=&#8221;1_2&#8243; _builder_version=&#8221;4.27.4&#8243; _module_preset=&#8221;default&#8221; global_colors_info=&#8221;{}&#8221;][et_pb_text _builder_version=&#8221;4.27.4&#8243; _module_preset=&#8221;_initial&#8221; text_font=&#8221;&#8211;et_global_body_font|&#8211;et_global_body_font_weight|||||||&#8221; text_text_color=&#8221;#474747&#8243; text_font_size=&#8221;16px&#8221; text_line_height=&#8221;1.6em&#8221; header_4_font=&#8221;Inter|700|||||||&#8221; header_4_font_size=&#8221;24px&#8221; header_4_line_height=&#8221;1.4em&#8221; min_height=&#8221;875.5px&#8221; custom_padding=&#8221;||0px|||&#8221; header_4_font_size_tablet=&#8221;16px&#8221; header_4_font_size_phone=&#8221;15px&#8221; header_4_font_size_last_edited=&#8221;on|desktop&#8221; global_colors_info=&#8221;{}&#8221;]<\/p>\n<p><strong>Creare una societ\u00e0 basata sulla cooperazione<\/strong><br \/>Il Cerchio WIR-NOI Comunit\u00e0 si occupa della questione di come costruire una societ\u00e0 intelligente, orientata al bene comune e dotata di significato. Sebbene questo Cerchio al momento sia solo parzialmente attivo, alcuni membri impegnati hanno gi\u00e0 condotto ricerche approfondite e analisi su modelli organizzativi alternativi.<\/p>\n<p><strong>La sociocrazia come principio organizzativo centrale<\/strong><br \/>Fin dall&#8217;inizio, la struttura e l&#8217;organizzazione dell&#8217;associazione WIR-NOI si basano sul principio della sociocrazia. Tuttavia, il Cerchio Comunit\u00e0 va oltre la semplice organizzazione interna e si pone domande fondamentali:<\/p>\n<p>\u2022 Come funzionano concretamente sistemi, organizzazioni e societ\u00e0 sociocratiche?<br \/>\u2022 Quali regole sono necessarie per una societ\u00e0 sana che segua il principio della prosperit\u00e0 naturale?<br \/>\u2022 Quali rotture con il vecchio sistema di manipolazione e sfruttamento sono necessarie per creare qualcosa di nuovo?<br \/>La visione \u00e8 quella di una societ\u00e0 basata sul modello di una &#8220;comunit\u00e0 di amici e famiglia&#8221;.<\/p>\n<p>I membri del Cerchio esplorano come il cambiamento sociale verso una convivenza cooperativa e umana possa essere implementato in pratica e a livello locale. Non si tratta solo di riflessioni teoriche, ma soprattutto di modelli concreti applicabili nella realt\u00e0.<\/p>\n<p><strong>Un approccio sia filosofico che pratico<\/strong><br \/>Il lavoro futuro del Cerchio sar\u00e0 strutturato su due livelli:<\/p>\n<p>1.) Analisi filosofico-intellettuale: sviluppo di nuovi paradigmi per una societ\u00e0 pi\u00f9 umana.<br \/>2.) Approccio operativo e concreto: introduzione di soluzioni praticabili per implementare nuove strutture sociali.<\/p>\n<p><strong>Il Cerchio WIR-NOI Comunit\u00e0 invita tutti coloro che vogliono contribuire consapevolmente alla trasformazione della nostra societ\u00e0 e lavorare su concetti innovativi per il futuro.<\/strong><\/p>\n<p>[\/et_pb_text][\/et_pb_column][\/et_pb_row][et_pb_row _builder_version=&#8221;4.27.4&#8243; _module_preset=&#8221;default&#8221; global_colors_info=&#8221;{}&#8221;][et_pb_column type=&#8221;4_4&#8243; _builder_version=&#8221;4.27.4&#8243; _module_preset=&#8221;default&#8221; global_colors_info=&#8221;{}&#8221;][\/et_pb_column][\/et_pb_row][et_pb_row _builder_version=&#8221;4.27.4&#8243; _module_preset=&#8221;default&#8221; background_color=&#8221;rgba(217,217,217,0.39)&#8221; min_height=&#8221;538.7px&#8221; global_colors_info=&#8221;{}&#8221;][et_pb_column type=&#8221;4_4&#8243; _builder_version=&#8221;4.27.4&#8243; _module_preset=&#8221;default&#8221; global_colors_info=&#8221;{}&#8221;][et_pb_text _builder_version=&#8221;4.27.4&#8243; _module_preset=&#8221;default&#8221; text_text_color=&#8221;#474747&#8243; text_font_size=&#8221;23px&#8221; header_font_size=&#8221;1px&#8221; custom_margin=&#8221;|||27px|false|false&#8221; global_colors_info=&#8221;{}&#8221;]<\/p>\n<p><strong>Dal nostro blog<\/strong><\/p>\n<p>[\/et_pb_text][et_pb_blog posts_number=&#8221;3&#8243; include_categories=&#8221;229&#8243; excerpt_length=&#8221;10&#8243; show_author=&#8221;off&#8221; show_date=&#8221;off&#8221; show_pagination=&#8221;off&#8221; _builder_version=&#8221;4.27.5&#8243; _module_preset=&#8221;8420fffa-ade4-4791-b5a7-5ea49b3cd59d&#8221; header_text_color=&#8221;#DA4D5A&#8221; custom_margin=&#8221;|28px||28px|false|true&#8221; hover_enabled=&#8221;0&#8243; border_color_all_image=&#8221;#FFFFFF&#8221; box_shadow_style=&#8221;preset3&#8243; locked=&#8221;off&#8221; global_colors_info=&#8221;{%22gcid-1f9b0bb3-481a-49f1-9fe6-999fc3c3182b%22:%91%22read_more_text_color%22%93}&#8221; sticky_enabled=&#8221;0&#8243;][\/et_pb_blog][\/et_pb_column][\/et_pb_row][\/et_pb_section][et_pb_section fb_built=&#8221;1&#8243; _builder_version=&#8221;4.27.4&#8243; _module_preset=&#8221;default&#8221; min_height=&#8221;372.5px&#8221; custom_margin=&#8221;-49px||||false|false&#8221; global_colors_info=&#8221;{}&#8221;][et_pb_row _builder_version=&#8221;4.27.4&#8243; _module_preset=&#8221;default&#8221; min_height=&#8221;54px&#8221; custom_margin=&#8221;||-27px||false|false&#8221; global_colors_info=&#8221;{}&#8221;][et_pb_column type=&#8221;4_4&#8243; _builder_version=&#8221;4.27.4&#8243; _module_preset=&#8221;default&#8221; global_colors_info=&#8221;{}&#8221;][et_pb_text _builder_version=&#8221;4.27.4&#8243; _module_preset=&#8221;default&#8221; text_font=&#8221;&#8211;et_global_heading_font||||||||&#8221; text_text_color=&#8221;#474747&#8243; text_font_size=&#8221;24px&#8221; text_orientation=&#8221;center&#8221; global_colors_info=&#8221;{}&#8221;]<\/p>\n<p>I nostri Sponsor<\/p>\n<p>[\/et_pb_text][\/et_pb_column][\/et_pb_row][et_pb_row column_structure=&#8221;1_5,1_5,1_5,1_5,1_5&#8243; _builder_version=&#8221;4.27.4&#8243; _module_preset=&#8221;default&#8221; global_colors_info=&#8221;{}&#8221;][et_pb_column type=&#8221;1_5&#8243; _builder_version=&#8221;4.27.4&#8243; _module_preset=&#8221;default&#8221; global_colors_info=&#8221;{}&#8221;][et_pb_image src=&#8221;https:\/\/www.wir-noi.com\/wp-content\/uploads\/2026\/01\/DrSalcher.png&#8221; title_text=&#8221;DrSalcher&#8221; url=&#8221;http:\/\/www.drsalcher.com&#8221; url_new_window=&#8221;on&#8221; _builder_version=&#8221;4.27.5&#8243; _module_preset=&#8221;default&#8221; global_colors_info=&#8221;{}&#8221;][\/et_pb_image][\/et_pb_column][et_pb_column type=&#8221;1_5&#8243; _builder_version=&#8221;4.27.4&#8243; _module_preset=&#8221;default&#8221; global_colors_info=&#8221;{}&#8221;][et_pb_image src=&#8221;https:\/\/www.wir-noi.com\/wp-content\/uploads\/2026\/01\/SarnThaler.png&#8221; title_text=&#8221;SarnThaler&#8221; url=&#8221;http:\/\/www.sarnthaler.it&#8221; url_new_window=&#8221;on&#8221; _builder_version=&#8221;4.27.5&#8243; _module_preset=&#8221;default&#8221; global_colors_info=&#8221;{}&#8221;][\/et_pb_image][\/et_pb_column][et_pb_column type=&#8221;1_5&#8243; _builder_version=&#8221;4.27.4&#8243; _module_preset=&#8221;default&#8221; global_colors_info=&#8221;{}&#8221;][et_pb_image src=&#8221;https:\/\/www.wir-noi.com\/wp-content\/uploads\/2026\/01\/Alma.png&#8221; title_text=&#8221;Alma&#8221; url=&#8221;http:\/\/www.alma-light.com&#8221; url_new_window=&#8221;on&#8221; _builder_version=&#8221;4.27.5&#8243; _module_preset=&#8221;default&#8221; global_colors_info=&#8221;{}&#8221;][\/et_pb_image][\/et_pb_column][et_pb_column type=&#8221;1_5&#8243; _builder_version=&#8221;4.27.4&#8243; _module_preset=&#8221;default&#8221; global_colors_info=&#8221;{}&#8221;][et_pb_image src=&#8221;https:\/\/www.wir-noi.com\/wp-content\/uploads\/2026\/01\/Valvel.png&#8221; title_text=&#8221;Valvel&#8221; url=&#8221;http:\/\/www.valvel.eu&#8221; _builder_version=&#8221;4.27.5&#8243; _module_preset=&#8221;default&#8221; global_colors_info=&#8221;{}&#8221;][\/et_pb_image][\/et_pb_column][et_pb_column type=&#8221;1_5&#8243; _builder_version=&#8221;4.27.4&#8243; _module_preset=&#8221;default&#8221; global_colors_info=&#8221;{}&#8221;][et_pb_image src=&#8221;https:\/\/www.wir-noi.com\/wp-content\/uploads\/2026\/01\/Sanin-1.png&#8221; title_text=&#8221;Sanin&#8221; url=&#8221;http:\/\/www.sanin.bio&#8221; url_new_window=&#8221;on&#8221; _builder_version=&#8221;4.27.5&#8243; _module_preset=&#8221;default&#8221; global_colors_info=&#8221;{}&#8221;][\/et_pb_image][\/et_pb_column][\/et_pb_row][\/et_pb_section]<\/p>\n","protected":false},"excerpt":{"rendered":"<p>comunit\u00e0In una societ\u00e0 malata, l\u2019uomo ascolta autorit\u00e0 lontane, in una sana ascolta il vicino.Christoph Pizzini (nato nel 1983)membro fondatore e presidente dell\u2019associazione WIR-NOICreare una societ\u00e0 basata sulla cooperazioneIl Cerchio WIR-NOI [&hellip;]<\/p>\n","protected":false},"author":1,"featured_media":0,"parent":0,"menu_order":0,"comment_status":"closed","ping_status":"closed","template":"","meta":{"_et_pb_use_builder":"on","_et_pb_old_content":"","_et_gb_content_width":"","om_disable_all_campaigns":false,"_monsterinsights_skip_tracking":false,"_monsterinsights_sitenote_active":false,"_monsterinsights_sitenote_note":"","_monsterinsights_sitenote_category":0,"footnotes":""},"class_list":["post-1570","page","type-page","status-publish","hentry"],"aioseo_notices":[],"_links":{"self":[{"href":"https:\/\/www.wir-noi.com\/it\/wp-json\/wp\/v2\/pages\/1570","targetHints":{"allow":["GET"]}}],"collection":[{"href":"https:\/\/www.wir-noi.com\/it\/wp-json\/wp\/v2\/pages"}],"about":[{"href":"https:\/\/www.wir-noi.com\/it\/wp-json\/wp\/v2\/types\/page"}],"author":[{"embeddable":true,"href":"https:\/\/www.wir-noi.com\/it\/wp-json\/wp\/v2\/users\/1"}],"replies":[{"embeddable":true,"href":"https:\/\/www.wir-noi.com\/it\/wp-json\/wp\/v2\/comments?post=1570"}],"version-history":[{"count":9,"href":"https:\/\/www.wir-noi.com\/it\/wp-json\/wp\/v2\/pages\/1570\/revisions"}],"predecessor-version":[{"id":8127,"href":"https:\/\/www.wir-noi.com\/it\/wp-json\/wp\/v2\/pages\/1570\/revisions\/8127"}],"wp:attachment":[{"href":"https:\/\/www.wir-noi.com\/it\/wp-json\/wp\/v2\/media?parent=1570"}],"curies":[{"name":"wp","href":"https:\/\/api.w.org\/{rel}","templated":true}]}}