{"id":1527,"date":"2025-03-31T08:33:37","date_gmt":"2025-03-31T08:33:37","guid":{"rendered":"https:\/\/www.wir-noi.com\/?page_id=1527"},"modified":"2026-01-21T17:00:58","modified_gmt":"2026-01-21T17:00:58","slug":"giovani","status":"publish","type":"page","link":"https:\/\/www.wir-noi.com\/it\/giovani\/","title":{"rendered":"Giovani"},"content":{"rendered":"<p>[et_pb_section fb_built=&#8221;1&#8243; admin_label=&#8221;Header&#8221; _builder_version=&#8221;4.27.4&#8243; _module_preset=&#8221;default&#8221; use_background_color_gradient=&#8221;on&#8221; background_color_gradient_stops=&#8221;rgba(34,34,34,0) 0%|rgba(34,34,34,0.49) 98%&#8221; background_color_gradient_overlays_image=&#8221;on&#8221; background_image=&#8221;https:\/\/www.wir-noi.com\/wp-content\/uploads\/2025\/03\/AdobeStock_200255674-scaled.jpeg&#8221; min_height=&#8221;482px&#8221; custom_margin=&#8221;||5px||false|false&#8221; custom_padding=&#8221;138px||138px||true|false&#8221; locked=&#8221;off&#8221; collapsed=&#8221;on&#8221; global_colors_info=&#8221;{%22gcid-1f9b0bb3-481a-49f1-9fe6-999fc3c3182b%22:%91%22background_color_gradient_stops%22%93}&#8221;][et_pb_row _builder_version=&#8221;4.20.0&#8243; _module_preset=&#8221;default&#8221; global_colors_info=&#8221;{}&#8221;][et_pb_column type=&#8221;4_4&#8243; _builder_version=&#8221;4.20.0&#8243; _module_preset=&#8221;default&#8221; global_colors_info=&#8221;{}&#8221;][et_pb_text _builder_version=&#8221;4.27.4&#8243; _module_preset=&#8221;_initial&#8221; text_font=&#8221;||||||||&#8221; header_font=&#8221;Roboto Condensed|700||on|||||&#8221; header_text_color=&#8221;#FFFFFF&#8221; header_font_size=&#8221;46px&#8221; header_line_height=&#8221;1.2em&#8221; text_orientation=&#8221;center&#8221; min_height=&#8221;52px&#8221; custom_margin=&#8221;31px||10px||false|false&#8221; header_font_size_tablet=&#8221;40px&#8221; header_font_size_phone=&#8221;24px&#8221; header_font_size_last_edited=&#8221;on|desktop&#8221; inline_fonts=&#8221;Montserrat&#8221; global_colors_info=&#8221;{}&#8221;]<\/p>\n<h1 style=\"text-align: left;\"><span style=\"font-family: Montserrat;\">giovani<\/span><\/h1>\n<p>[\/et_pb_text][et_pb_divider divider_weight=&#8221;5px&#8221; _builder_version=&#8221;4.27.4&#8243; _module_preset=&#8221;default&#8221; width=&#8221;10%&#8221; max_width=&#8221;10%&#8221; custom_margin=&#8221;||-6px||false|false&#8221; global_colors_info=&#8221;{}&#8221;][\/et_pb_divider][\/et_pb_column][\/et_pb_row][\/et_pb_section][et_pb_section fb_built=&#8221;1&#8243; _builder_version=&#8221;4.27.4&#8243; _module_preset=&#8221;default&#8221; global_colors_info=&#8221;{}&#8221;][et_pb_row column_structure=&#8221;1_2,1_2&#8243; _builder_version=&#8221;4.27.4&#8243; _module_preset=&#8221;default&#8221; global_colors_info=&#8221;{}&#8221;][et_pb_column type=&#8221;1_2&#8243; _builder_version=&#8221;4.27.4&#8243; _module_preset=&#8221;default&#8221; global_colors_info=&#8221;{}&#8221;][et_pb_image src=&#8221;https:\/\/www.wir-noi.com\/wp-content\/uploads\/2025\/03\/AdobeStock_387959956-scaled.jpeg&#8221; title_text=&#8221;Fashionable teenage girl looks at webcam and talks on city street&#8221; _builder_version=&#8221;4.27.4&#8243; _module_preset=&#8221;default&#8221; border_radii=&#8221;on|10px|10px|10px|10px&#8221; global_colors_info=&#8221;{}&#8221;][\/et_pb_image][et_pb_text _builder_version=&#8221;4.27.4&#8243; _module_preset=&#8221;_initial&#8221; text_font=&#8221;&#8211;et_global_heading_font|&#8211;et_global_body_font_weight|||||||&#8221; text_text_color=&#8221;#DA4D5A&#8221; text_font_size=&#8221;29px&#8221; text_line_height=&#8221;1.4em&#8221; custom_margin=&#8221;1px||||false|false&#8221; text_font_size_tablet=&#8221;15px&#8221; text_font_size_phone=&#8221;14px&#8221; text_font_size_last_edited=&#8221;on|desktop&#8221; global_colors_info=&#8221;{}&#8221;]Nella vita dobbiamo lottare per continuare a pensare e a sentire come facevamo in giovent\u00f9.[\/et_pb_text][et_pb_text _builder_version=&#8221;4.27.4&#8243; _module_preset=&#8221;default&#8221; text_text_color=&#8221;#DA4D5A&#8221; text_font_size=&#8221;18px&#8221; text_line_height=&#8221;1em&#8221; text_orientation=&#8221;right&#8221; global_colors_info=&#8221;{}&#8221;]Albert Schweitzer (1875 &#8211; 1965)[\/et_pb_text][et_pb_text _builder_version=&#8221;4.27.4&#8243; _module_preset=&#8221;default&#8221; text_text_color=&#8221;#DA4D5A&#8221; min_height=&#8221;17.8px&#8221; custom_margin=&#8221;-27px||||false|false&#8221; global_colors_info=&#8221;{}&#8221;]<\/p>\n<p style=\"text-align: right;\">ricercatore, medico, filosofo, teologo e pacifista<\/p>\n<p>[\/et_pb_text][et_pb_divider divider_weight=&#8221;5px&#8221; _builder_version=&#8221;4.27.4&#8243; _module_preset=&#8221;default&#8221; width=&#8221;23%&#8221; global_colors_info=&#8221;{}&#8221;][\/et_pb_divider][\/et_pb_column][et_pb_column type=&#8221;1_2&#8243; _builder_version=&#8221;4.27.4&#8243; _module_preset=&#8221;default&#8221; global_colors_info=&#8221;{}&#8221;][et_pb_text _builder_version=&#8221;4.27.4&#8243; _module_preset=&#8221;_initial&#8221; text_font=&#8221;&#8211;et_global_body_font|&#8211;et_global_body_font_weight|||||||&#8221; text_text_color=&#8221;#474747&#8243; text_font_size=&#8221;16px&#8221; text_line_height=&#8221;1.6em&#8221; header_4_font=&#8221;Inter|700|||||||&#8221; header_4_font_size=&#8221;24px&#8221; header_4_line_height=&#8221;1.4em&#8221; min_height=&#8221;875.5px&#8221; header_4_font_size_tablet=&#8221;16px&#8221; header_4_font_size_phone=&#8221;15px&#8221; header_4_font_size_last_edited=&#8221;on|desktop&#8221; global_colors_info=&#8221;{}&#8221;]<\/p>\n<p><strong>Crescere, creare e vivere insieme<\/strong><br \/>Il Cerchio WIR-NOI Giovani offre ai giovani la possibilit\u00e0 di vivere incontri autentici, stringere amicizie e trascorrere il tempo libero in modo significativo \u2013 come alternativa all&#8217;isolamento digitale, al consumismo, alle dipendenze e alla mancanza di prospettive.<\/p>\n<p><strong>Incontri reali invece di solitudine virtuale<\/strong><br \/>In un mondo in cui i contatti sociali avvengono sempre pi\u00f9 spesso solo in modo digitale, WIR-NOI Giovani punta sugli incontri di persona. I giovani possono divertirsi insieme, coltivare amicizie autentiche e sostenersi a vicenda.<\/p>\n<p><strong>Sviluppare talenti e promuovere la creativit\u00e0<\/strong><br \/>Ogni giovane possiede abilit\u00e0 uniche. L&#8217;obiettivo del Cerchio \u00e8 rafforzare i giovani nelle loro capacit\u00e0, stimolare la loro creativit\u00e0 e incoraggiarli a realizzare i propri progetti.<\/p>\n<p><strong>Identit\u00e0, autodeterminazione e responsabilit\u00e0<\/strong><br \/>I membri volontari di WIR-NOI accompagnano i giovani nel loro percorso di scoperta della propria identit\u00e0, aiutandoli a costruire la propria vita con fiducia e a prendersi responsabilit\u00e0 per s\u00e9 stessi e per la societ\u00e0. La consapevolezza del loro diritto di partecipazione e della responsabilit\u00e0 sociale \u00e8 un elemento centrale.<\/p>\n<p><strong>Le nostre iniziative<\/strong><br \/>Per permettere ai giovani di partecipare attivamente e vivere esperienze condivise, il Cerchio organizza regolarmente escursioni, incontri serali, laboratori, corsi di danza e campi in montagna.<\/p>\n<p><strong>Gruppi distrettuali per i giovani<\/strong><br \/>Uno degli obiettivi principali dell\u2019associazione \u00e8 la creazione di gruppi giovanili stabili nei vari distretti. Attraverso uno scambio vivace e una rete solida, nasce una comunit\u00e0 in cui i giovani si sentono a proprio agio e si rafforzano reciprocamente. Oltre alla piattaforma digitale degli associati, risultano utili anche le connessioni con altri Progetti e Cerchi: Cerchio Famiglia, Cerchio Istruzione, Progetto SolLaWIR, ecc.<\/p>\n<p><strong>Se senti il desiderio di partecipare attivamente alla vita e di essere protagonista del tuo futuro, entra anche tu nel Cerchio WIR-NOI Giovani \u2013 pronto e forte per un futuro luminoso insieme!<\/strong><\/p>\n<p>[\/et_pb_text][\/et_pb_column][\/et_pb_row][et_pb_row _builder_version=&#8221;4.27.4&#8243; _module_preset=&#8221;default&#8221; global_colors_info=&#8221;{}&#8221;][et_pb_column type=&#8221;4_4&#8243; _builder_version=&#8221;4.27.4&#8243; _module_preset=&#8221;default&#8221; global_colors_info=&#8221;{}&#8221;][\/et_pb_column][\/et_pb_row][et_pb_row _builder_version=&#8221;4.27.4&#8243; _module_preset=&#8221;default&#8221; background_color=&#8221;rgba(217,217,217,0.39)&#8221; min_height=&#8221;538.7px&#8221; global_colors_info=&#8221;{}&#8221;][et_pb_column type=&#8221;4_4&#8243; _builder_version=&#8221;4.27.4&#8243; _module_preset=&#8221;default&#8221; global_colors_info=&#8221;{}&#8221;][et_pb_text _builder_version=&#8221;4.27.4&#8243; _module_preset=&#8221;default&#8221; text_text_color=&#8221;#474747&#8243; text_font_size=&#8221;23px&#8221; header_font_size=&#8221;1px&#8221; custom_margin=&#8221;|||27px|false|false&#8221; global_colors_info=&#8221;{}&#8221;]<\/p>\n<p><strong>Dal nostro blog<\/strong><\/p>\n<p>[\/et_pb_text][et_pb_blog posts_number=&#8221;3&#8243; include_categories=&#8221;230&#8243; excerpt_length=&#8221;10&#8243; show_author=&#8221;off&#8221; show_date=&#8221;off&#8221; show_pagination=&#8221;off&#8221; _builder_version=&#8221;4.27.5&#8243; _module_preset=&#8221;8420fffa-ade4-4791-b5a7-5ea49b3cd59d&#8221; header_text_color=&#8221;#DA4D5A&#8221; custom_margin=&#8221;|28px||28px|false|true&#8221; hover_enabled=&#8221;0&#8243; border_color_all_image=&#8221;#FFFFFF&#8221; box_shadow_style=&#8221;preset3&#8243; locked=&#8221;off&#8221; global_colors_info=&#8221;{%22gcid-1f9b0bb3-481a-49f1-9fe6-999fc3c3182b%22:%91%22read_more_text_color%22%93}&#8221; sticky_enabled=&#8221;0&#8243;][\/et_pb_blog][\/et_pb_column][\/et_pb_row][\/et_pb_section][et_pb_section fb_built=&#8221;1&#8243; _builder_version=&#8221;4.27.4&#8243; _module_preset=&#8221;default&#8221; min_height=&#8221;372.5px&#8221; custom_margin=&#8221;-49px||||false|false&#8221; global_colors_info=&#8221;{}&#8221;][et_pb_row _builder_version=&#8221;4.27.4&#8243; _module_preset=&#8221;default&#8221; min_height=&#8221;54px&#8221; custom_margin=&#8221;||-27px||false|false&#8221; global_colors_info=&#8221;{}&#8221;][et_pb_column type=&#8221;4_4&#8243; _builder_version=&#8221;4.27.4&#8243; _module_preset=&#8221;default&#8221; global_colors_info=&#8221;{}&#8221;][et_pb_text _builder_version=&#8221;4.27.4&#8243; _module_preset=&#8221;default&#8221; text_font=&#8221;&#8211;et_global_heading_font||||||||&#8221; text_text_color=&#8221;#474747&#8243; text_font_size=&#8221;24px&#8221; text_orientation=&#8221;center&#8221; global_colors_info=&#8221;{}&#8221;]<\/p>\n<p>I nostri Sponsor<\/p>\n<p>[\/et_pb_text][\/et_pb_column][\/et_pb_row][et_pb_row column_structure=&#8221;1_5,1_5,1_5,1_5,1_5&#8243; _builder_version=&#8221;4.27.4&#8243; _module_preset=&#8221;default&#8221; global_colors_info=&#8221;{}&#8221;][et_pb_column type=&#8221;1_5&#8243; _builder_version=&#8221;4.27.4&#8243; _module_preset=&#8221;default&#8221; global_colors_info=&#8221;{}&#8221;][et_pb_image src=&#8221;https:\/\/www.wir-noi.com\/wp-content\/uploads\/2026\/01\/Klammsteiner-1.png&#8221; title_text=&#8221;Klammsteiner&#8221; url=&#8221;http:\/\/www.klammsteiner.net&#8221; url_new_window=&#8221;on&#8221; _builder_version=&#8221;4.27.5&#8243; _module_preset=&#8221;default&#8221; global_colors_info=&#8221;{}&#8221;][\/et_pb_image][\/et_pb_column][et_pb_column type=&#8221;1_5&#8243; _builder_version=&#8221;4.27.4&#8243; _module_preset=&#8221;default&#8221; global_colors_info=&#8221;{}&#8221;][et_pb_image src=&#8221;https:\/\/www.wir-noi.com\/wp-content\/uploads\/2026\/01\/MoveToDiscover-1.png&#8221; title_text=&#8221;MoveToDiscover&#8221; url=&#8221;http:\/\/www.movetodiscover.com&#8221; url_new_window=&#8221;on&#8221; _builder_version=&#8221;4.27.5&#8243; _module_preset=&#8221;default&#8221; global_colors_info=&#8221;{}&#8221;][\/et_pb_image][\/et_pb_column][et_pb_column type=&#8221;1_5&#8243; _builder_version=&#8221;4.27.4&#8243; _module_preset=&#8221;default&#8221; global_colors_info=&#8221;{}&#8221;][et_pb_image src=&#8221;https:\/\/www.wir-noi.com\/wp-content\/uploads\/2026\/01\/Profanter.png&#8221; title_text=&#8221;Profanter&#8221; url=&#8221;http:\/\/www.profanter.it&#8221; url_new_window=&#8221;on&#8221; _builder_version=&#8221;4.27.5&#8243; _module_preset=&#8221;default&#8221; global_colors_info=&#8221;{}&#8221;][\/et_pb_image][\/et_pb_column][et_pb_column type=&#8221;1_5&#8243; _builder_version=&#8221;4.27.4&#8243; _module_preset=&#8221;default&#8221; global_colors_info=&#8221;{}&#8221;][et_pb_image src=&#8221;https:\/\/www.wir-noi.com\/wp-content\/uploads\/2026\/01\/Ringger.png&#8221; title_text=&#8221;Ringger&#8221; url=&#8221;http:\/\/www.rungger-naturwerk.it&#8221; url_new_window=&#8221;on&#8221; _builder_version=&#8221;4.27.5&#8243; _module_preset=&#8221;default&#8221; global_colors_info=&#8221;{}&#8221;][\/et_pb_image][\/et_pb_column][et_pb_column type=&#8221;1_5&#8243; _builder_version=&#8221;4.27.4&#8243; _module_preset=&#8221;default&#8221; global_colors_info=&#8221;{}&#8221;][et_pb_image src=&#8221;https:\/\/www.wir-noi.com\/wp-content\/uploads\/2026\/01\/Gantioler.png&#8221; title_text=&#8221;Gantioler&#8221; url=&#8221;http:\/\/www.gantioler.eu&#8221; url_new_window=&#8221;on&#8221; _builder_version=&#8221;4.27.5&#8243; _module_preset=&#8221;default&#8221; global_colors_info=&#8221;{}&#8221;][\/et_pb_image][\/et_pb_column][\/et_pb_row][\/et_pb_section]<\/p>\n","protected":false},"excerpt":{"rendered":"<p>giovaniNella vita dobbiamo lottare per continuare a pensare e a sentire come facevamo in giovent\u00f9.Albert Schweitzer (1875 &#8211; 1965)ricercatore, medico, filosofo, teologo e pacifistaCrescere, creare e vivere insiemeIl Cerchio WIR-NOI [&hellip;]<\/p>\n","protected":false},"author":1,"featured_media":0,"parent":0,"menu_order":0,"comment_status":"closed","ping_status":"closed","template":"","meta":{"_et_pb_use_builder":"on","_et_pb_old_content":"","_et_gb_content_width":"","om_disable_all_campaigns":false,"_monsterinsights_skip_tracking":false,"_monsterinsights_sitenote_active":false,"_monsterinsights_sitenote_note":"","_monsterinsights_sitenote_category":0,"footnotes":""},"class_list":["post-1527","page","type-page","status-publish","hentry"],"aioseo_notices":[],"_links":{"self":[{"href":"https:\/\/www.wir-noi.com\/it\/wp-json\/wp\/v2\/pages\/1527","targetHints":{"allow":["GET"]}}],"collection":[{"href":"https:\/\/www.wir-noi.com\/it\/wp-json\/wp\/v2\/pages"}],"about":[{"href":"https:\/\/www.wir-noi.com\/it\/wp-json\/wp\/v2\/types\/page"}],"author":[{"embeddable":true,"href":"https:\/\/www.wir-noi.com\/it\/wp-json\/wp\/v2\/users\/1"}],"replies":[{"embeddable":true,"href":"https:\/\/www.wir-noi.com\/it\/wp-json\/wp\/v2\/comments?post=1527"}],"version-history":[{"count":10,"href":"https:\/\/www.wir-noi.com\/it\/wp-json\/wp\/v2\/pages\/1527\/revisions"}],"predecessor-version":[{"id":8129,"href":"https:\/\/www.wir-noi.com\/it\/wp-json\/wp\/v2\/pages\/1527\/revisions\/8129"}],"wp:attachment":[{"href":"https:\/\/www.wir-noi.com\/it\/wp-json\/wp\/v2\/media?parent=1527"}],"curies":[{"name":"wp","href":"https:\/\/api.w.org\/{rel}","templated":true}]}}